{"id":430,"date":"2021-01-28T09:43:32","date_gmt":"2021-01-28T09:43:32","guid":{"rendered":"https:\/\/jamonesvelazquez.com\/english\/?page_id=430"},"modified":"2021-09-08T08:08:55","modified_gmt":"2021-09-08T08:08:55","slug":"contact","status":"publish","type":"page","link":"https:\/\/jamonesvelazquez.com\/english\/contact\/","title":{"rendered":"Contacto"},"content":{"rendered":"<p>[et_pb_section fb_built=&#8221;1&#8243; admin_label=&#8221;SECCI\u00d3N RELLENO DEBAJO DEL MEN\u00da&#8221; _builder_version=&#8221;4.8.1&#8243; _module_preset=&#8221;default&#8221; custom_margin=&#8221;0px|0px|0px|0px|false|false&#8221; custom_padding=&#8221;0px|0px|0px|0px|false|false&#8221; global_module=&#8221;391&#8243;][et_pb_row _builder_version=&#8221;4.8.1&#8243; _module_preset=&#8221;default&#8221;][et_pb_column type=&#8221;4_4&#8243; _builder_version=&#8221;4.8.1&#8243; _module_preset=&#8221;default&#8221;][et_pb_text _builder_version=&#8221;4.8.1&#8243; _module_preset=&#8221;default&#8221;][\/et_pb_text][\/et_pb_column][\/et_pb_row][\/et_pb_section][et_pb_section fb_built=&#8221;1&#8243; fullwidth=&#8221;on&#8221; _builder_version=&#8221;4.8.1&#8243; _module_preset=&#8221;default&#8221; custom_margin=&#8221;90px||||false|false&#8221;][et_pb_fullwidth_code _builder_version=&#8221;4.8.1&#8243; _module_preset=&#8221;default&#8221; custom_margin=&#8221;||-3px|||&#8221;]<iframe loading=\"lazy\" src=\"https:\/\/www.google.com\/maps\/embed?pb=!1m18!1m12!1m3!1d2981.313786964203!2d-0.7839157494473684!3d41.648961879139144!2m3!1f0!2f0!3f0!3m2!1i1024!2i768!4f13.1!3m3!1m2!1s0xd591710079ae07b%3A0x3598869ffe47db4c!2sJamones%20E%20Velazquez!5e0!3m2!1ses!2ses!4v1611827090270!5m2!1ses!2ses\" width=\"100%\" height=\"450\" frameborder=\"0\" style=\"border:0;\" allowfullscreen=\"\" aria-hidden=\"false\" tabindex=\"0\"><\/iframe>[\/et_pb_fullwidth_code][\/et_pb_section][et_pb_section fb_built=&#8221;1&#8243; _builder_version=&#8221;4.8.1&#8243; _module_preset=&#8221;default&#8221; background_color_gradient_direction=&#8221;90deg&#8221; custom_margin=&#8221;0px|0px|0px|0px|false|false&#8221; custom_padding=&#8221;0px|0px|0px|0px|false|false&#8221;][et_pb_row column_structure=&#8221;2_5,3_5&#8243; _builder_version=&#8221;4.8.1&#8243; _module_preset=&#8221;default&#8221; width=&#8221;100%&#8221; custom_margin=&#8221;-5px|auto|0px|auto|false|false&#8221; custom_padding=&#8221;0px|0px|0px||false|false&#8221;][et_pb_column type=&#8221;2_5&#8243; _builder_version=&#8221;4.8.1&#8243; _module_preset=&#8221;default&#8221;][et_pb_text _builder_version=&#8221;4.8.1&#8243; _module_preset=&#8221;default&#8221; custom_margin=&#8221;|||30%|false|false&#8221; custom_margin_tablet=&#8221;&#8221; custom_margin_phone=&#8221;|||40px|false|false&#8221; custom_margin_last_edited=&#8221;on|desktop&#8221; custom_padding=&#8221;50px|||||&#8221;]<\/p>\n<p><span style=\"color: #e49340; font-size: large;\"><strong>JAMONES E. VEL\u00c1ZQUEZ, S.A.<\/strong><\/span><\/p>\n<p>Pol. Ind. de Malpica<br \/>Calle C, 15-C<br \/> 50016 Zaragoza (Espa\u00f1a)<\/p>\n<p>T.: +34 976 573 267<br \/> F.: +34 976 573 111<br \/> info<img loading=\"lazy\" decoding=\"async\" src=\"https:\/\/jamonesvelazquez.com\/english\/wp-content\/uploads\/sites\/7\/2021\/01\/arroba-gris.png\" width=\"13\" height=\"13\" alt=\"\" class=\"wp-image-442 alignnone size-full\" \/>jamonesvelazquez.es<\/p>\n<p>[\/et_pb_text][\/et_pb_column][et_pb_column type=&#8221;3_5&#8243; _builder_version=&#8221;4.8.1&#8243; _module_preset=&#8221;default&#8221; background_color=&#8221;#E49340&#8243;][et_pb_text _builder_version=&#8221;4.8.2&#8243; _module_preset=&#8221;default&#8221; text_text_color=&#8221;#000000&#8243; text_font_size=&#8221;22px&#8221; width=&#8221;70%&#8221; max_width=&#8221;80%&#8221; module_alignment=&#8221;center&#8221; custom_margin=&#8221;51px||16px|||&#8221;]<\/p>\n<p>Contact<\/p>\n<p>[\/et_pb_text][et_pb_contact_form _builder_version=&#8221;4.8.2&#8243; _module_preset=&#8221;default&#8221; form_field_background_color=&#8221;#FFFFFF&#8221; form_field_text_color=&#8221;#8C8C8C&#8221; form_field_focus_background_color=&#8221;#FFFFFF&#8221; form_field_focus_text_color=&#8221;#8C8C8C&#8221; form_field_custom_margin=&#8221;5px|5px|5px|5px|false|false&#8221; form_field_custom_padding=&#8221;10px|10px|10px|10px|false|false&#8221; form_field_font_size=&#8221;12px&#8221; custom_button=&#8221;on&#8221; button_text_size=&#8221;13px&#8221; button_text_color=&#8221;#FFFFFF&#8221; button_bg_color=&#8221;#000000&#8243; button_border_width=&#8221;0px&#8221; button_border_radius=&#8221;7px&#8221; button_custom_margin=&#8221;17px|6px|0px|20px|false|false&#8221; button_custom_padding=&#8221;5px|20px|5px|20px|false|false&#8221; width=&#8221;70%&#8221; module_alignment=&#8221;center&#8221; custom_margin=&#8221;||30px|||&#8221; custom_padding=&#8221;||44px|||&#8221; hover_enabled=&#8221;0&#8243; border_radii=&#8221;on|5px|5px|5px|5px&#8221; border_width_all=&#8221;1px&#8221; border_color_all=&#8221;#777777&#8243; sticky_enabled=&#8221;0&#8243; email=&#8221;info@jamonesvelazquez.com&#8221; submit_button_text=&#8221;Enviar&#8221; custom_css_captcha_field=&#8221;margin:10px;||padding:15px;||&#8221; custom_css_captcha_label=&#8221;color:black;&#8221; locked=&#8221;off&#8221;][et_pb_contact_field field_id=&#8221;Name&#8221; field_title=&#8221;Name&#8221; fullwidth_field=&#8221;on&#8221; _builder_version=&#8221;4.8.2&#8243; hover_enabled=&#8221;0&#8243; button_text_size__hover_enabled=&#8221;off&#8221; button_one_text_size__hover_enabled=&#8221;off&#8221; button_two_text_size__hover_enabled=&#8221;off&#8221; button_text_color__hover_enabled=&#8221;off&#8221; button_one_text_color__hover_enabled=&#8221;off&#8221; button_two_text_color__hover_enabled=&#8221;off&#8221; button_border_width__hover_enabled=&#8221;off&#8221; button_one_border_width__hover_enabled=&#8221;off&#8221; button_two_border_width__hover_enabled=&#8221;off&#8221; button_border_color__hover_enabled=&#8221;off&#8221; button_one_border_color__hover_enabled=&#8221;off&#8221; button_two_border_color__hover_enabled=&#8221;off&#8221; button_border_radius__hover_enabled=&#8221;off&#8221; button_one_border_radius__hover_enabled=&#8221;off&#8221; button_two_border_radius__hover_enabled=&#8221;off&#8221; button_letter_spacing__hover_enabled=&#8221;off&#8221; button_one_letter_spacing__hover_enabled=&#8221;off&#8221; button_two_letter_spacing__hover_enabled=&#8221;off&#8221; button_bg_color__hover_enabled=&#8221;off&#8221; button_one_bg_color__hover_enabled=&#8221;off&#8221; button_two_bg_color__hover_enabled=&#8221;off&#8221; sticky_enabled=&#8221;0&#8243;][\/et_pb_contact_field][et_pb_contact_field field_id=&#8221;phone&#8221; field_title=&#8221;Phone&#8221; fullwidth_field=&#8221;on&#8221; _builder_version=&#8221;4.8.2&#8243; _module_preset=&#8221;default&#8221; hover_enabled=&#8221;0&#8243; sticky_enabled=&#8221;0&#8243;][\/et_pb_contact_field][et_pb_contact_field field_id=&#8221;Email&#8221; field_title=&#8221;E-mail&#8221; field_type=&#8221;email&#8221; booleancheckbox_options=&#8221;%91{%22value%22:%22%22,%22checked%22:0,%22dragID%22:-1}%93&#8243; fullwidth_field=&#8221;on&#8221; _builder_version=&#8221;4.8.2&#8243; hover_enabled=&#8221;0&#8243; button_text_size__hover_enabled=&#8221;off&#8221; button_one_text_size__hover_enabled=&#8221;off&#8221; button_two_text_size__hover_enabled=&#8221;off&#8221; button_text_color__hover_enabled=&#8221;off&#8221; button_one_text_color__hover_enabled=&#8221;off&#8221; button_two_text_color__hover_enabled=&#8221;off&#8221; button_border_width__hover_enabled=&#8221;off&#8221; button_one_border_width__hover_enabled=&#8221;off&#8221; button_two_border_width__hover_enabled=&#8221;off&#8221; button_border_color__hover_enabled=&#8221;off&#8221; button_one_border_color__hover_enabled=&#8221;off&#8221; button_two_border_color__hover_enabled=&#8221;off&#8221; button_border_radius__hover_enabled=&#8221;off&#8221; button_one_border_radius__hover_enabled=&#8221;off&#8221; button_two_border_radius__hover_enabled=&#8221;off&#8221; button_letter_spacing__hover_enabled=&#8221;off&#8221; button_one_letter_spacing__hover_enabled=&#8221;off&#8221; button_two_letter_spacing__hover_enabled=&#8221;off&#8221; button_bg_color__hover_enabled=&#8221;off&#8221; button_one_bg_color__hover_enabled=&#8221;off&#8221; button_two_bg_color__hover_enabled=&#8221;off&#8221; sticky_enabled=&#8221;0&#8243;][\/et_pb_contact_field][et_pb_contact_field field_id=&#8221;Message&#8221; field_title=&#8221;Message&#8221; field_type=&#8221;text&#8221; fullwidth_field=&#8221;on&#8221; _builder_version=&#8221;4.8.2&#8243; hover_enabled=&#8221;0&#8243; button_text_size__hover_enabled=&#8221;off&#8221; button_one_text_size__hover_enabled=&#8221;off&#8221; button_two_text_size__hover_enabled=&#8221;off&#8221; button_text_color__hover_enabled=&#8221;off&#8221; button_one_text_color__hover_enabled=&#8221;off&#8221; button_two_text_color__hover_enabled=&#8221;off&#8221; button_border_width__hover_enabled=&#8221;off&#8221; button_one_border_width__hover_enabled=&#8221;off&#8221; button_two_border_width__hover_enabled=&#8221;off&#8221; button_border_color__hover_enabled=&#8221;off&#8221; button_one_border_color__hover_enabled=&#8221;off&#8221; button_two_border_color__hover_enabled=&#8221;off&#8221; button_border_radius__hover_enabled=&#8221;off&#8221; button_one_border_radius__hover_enabled=&#8221;off&#8221; button_two_border_radius__hover_enabled=&#8221;off&#8221; button_letter_spacing__hover_enabled=&#8221;off&#8221; button_one_letter_spacing__hover_enabled=&#8221;off&#8221; button_two_letter_spacing__hover_enabled=&#8221;off&#8221; button_bg_color__hover_enabled=&#8221;off&#8221; button_one_bg_color__hover_enabled=&#8221;off&#8221; button_two_bg_color__hover_enabled=&#8221;off&#8221; sticky_enabled=&#8221;0&#8243;][\/et_pb_contact_field][et_pb_contact_field field_id=&#8221;politica_priv&#8221; field_title=&#8221;  &#8221; field_type=&#8221;checkbox&#8221; checkbox_options=&#8221;%91{%22value%22:%22By sending this form you accept our %22,%22checked%22:0,%22dragID%22:-1,%22link_url%22:%22https:\/\/jamonesvelazquez.com\/politica-privacidad\/%22,%22link_text%22:%22Legal Advise%22}%93&#8243; booleancheckbox_options=&#8221;%91{%22value%22:%22  %22,%22checked%22:0,%22dragID%22:-1}%93&#8243; _builder_version=&#8221;4.8.2&#8243; _module_preset=&#8221;default&#8221; form_field_text_color=&#8221;#000000&#8243; hover_enabled=&#8221;0&#8243; border_radii=&#8221;on|0px|0px|0px|0px&#8221; form_field_focus_text_color=&#8221;#FFFFFF&#8221; form_field_focus_background_color=&#8221;#FFFFFF&#8221; sticky_enabled=&#8221;0&#8243;][\/et_pb_contact_field][\/et_pb_contact_form][\/et_pb_column][\/et_pb_row][\/et_pb_section]<\/p>\n","protected":false},"excerpt":{"rendered":"<p>JAMONES E. VEL\u00c1ZQUEZ, S.A. Pol. Ind. de MalpicaCalle C, 15-C 50016 Zaragoza (Espa\u00f1a) T.: +34 976 573 267 F.: +34 976 573 111 infojamonesvelazquez.esContact<\/p>\n","protected":false},"author":1,"featured_media":0,"parent":0,"menu_order":0,"comment_status":"closed","ping_status":"closed","template":"","meta":{"_et_pb_use_builder":"on","_et_pb_old_content":"","_et_gb_content_width":"","footnotes":""},"class_list":["post-430","page","type-page","status-publish","hentry"],"yoast_head":"<!-- This site is optimized with the Yoast SEO plugin v26.7 - https:\/\/yoast.com\/wordpress\/plugins\/seo\/ -->\n<title>Contacto - Jamones Vel\u00e1zquez english site<\/title>\n<meta name=\"robots\" content=\"index, follow, max-snippet:-1, max-image-preview:large, max-video-preview:-1\" \/>\n<link rel=\"canonical\" href=\"https:\/\/jamonesvelazquez.com\/english\/contact\/\" \/>\n<meta property=\"og:locale\" content=\"en_GB\" \/>\n<meta property=\"og:type\" content=\"article\" \/>\n<meta property=\"og:title\" content=\"Contacto - Jamones Vel\u00e1zquez english site\" \/>\n<meta property=\"og:description\" content=\"JAMONES E. VEL\u00c1ZQUEZ, S.A. Pol. Ind. de MalpicaCalle C, 15-C 50016 Zaragoza (Espa\u00f1a) T.: +34 976 573 267 F.: +34 976 573 111 infojamonesvelazquez.esContact\" \/>\n<meta property=\"og:url\" content=\"https:\/\/jamonesvelazquez.com\/english\/contact\/\" \/>\n<meta property=\"og:site_name\" content=\"Jamones Vel\u00e1zquez english site\" \/>\n<meta property=\"article:modified_time\" content=\"2021-09-08T08:08:55+00:00\" \/>\n<meta property=\"og:image\" content=\"https:\/\/jamonesvelazquez.com\/english\/wp-content\/uploads\/sites\/7\/2021\/01\/arroba-gris.png\" \/>\n<meta name=\"twitter:card\" content=\"summary_large_image\" \/>\n<meta name=\"twitter:label1\" content=\"Estimated reading time\" \/>\n\t<meta name=\"twitter:data1\" content=\"5 minutes\" \/>\n<script type=\"application\/ld+json\" class=\"yoast-schema-graph\">{\"@context\":\"https:\/\/schema.org\",\"@graph\":[{\"@type\":\"WebPage\",\"@id\":\"https:\/\/jamonesvelazquez.com\/english\/contact\/\",\"url\":\"https:\/\/jamonesvelazquez.com\/english\/contact\/\",\"name\":\"Contacto - Jamones Vel\u00e1zquez english site\",\"isPartOf\":{\"@id\":\"https:\/\/jamonesvelazquez.com\/english\/#website\"},\"primaryImageOfPage\":{\"@id\":\"https:\/\/jamonesvelazquez.com\/english\/contact\/#primaryimage\"},\"image\":{\"@id\":\"https:\/\/jamonesvelazquez.com\/english\/contact\/#primaryimage\"},\"thumbnailUrl\":\"https:\/\/jamonesvelazquez.com\/english\/wp-content\/uploads\/sites\/7\/2021\/01\/arroba-gris.png\",\"datePublished\":\"2021-01-28T09:43:32+00:00\",\"dateModified\":\"2021-09-08T08:08:55+00:00\",\"breadcrumb\":{\"@id\":\"https:\/\/jamonesvelazquez.com\/english\/contact\/#breadcrumb\"},\"inLanguage\":\"en-GB\",\"potentialAction\":[{\"@type\":\"ReadAction\",\"target\":[\"https:\/\/jamonesvelazquez.com\/english\/contact\/\"]}]},{\"@type\":\"ImageObject\",\"inLanguage\":\"en-GB\",\"@id\":\"https:\/\/jamonesvelazquez.com\/english\/contact\/#primaryimage\",\"url\":\"https:\/\/jamonesvelazquez.com\/english\/wp-content\/uploads\/sites\/7\/2021\/01\/arroba-gris.png\",\"contentUrl\":\"https:\/\/jamonesvelazquez.com\/english\/wp-content\/uploads\/sites\/7\/2021\/01\/arroba-gris.png\",\"width\":13,\"height\":13},{\"@type\":\"BreadcrumbList\",\"@id\":\"https:\/\/jamonesvelazquez.com\/english\/contact\/#breadcrumb\",\"itemListElement\":[{\"@type\":\"ListItem\",\"position\":1,\"name\":\"Portada\",\"item\":\"https:\/\/jamonesvelazquez.com\/english\/\"},{\"@type\":\"ListItem\",\"position\":2,\"name\":\"Contacto\"}]},{\"@type\":\"WebSite\",\"@id\":\"https:\/\/jamonesvelazquez.com\/english\/#website\",\"url\":\"https:\/\/jamonesvelazquez.com\/english\/\",\"name\":\"Jamones Vel\u00e1zquez english site\",\"description\":\"Moderno secadero de jamones. Trazabilidad garantizada, homogeneidad de producto, aroma y sabor \u00fanicos. B\u00fasqueda de la excelencia\",\"potentialAction\":[{\"@type\":\"SearchAction\",\"target\":{\"@type\":\"EntryPoint\",\"urlTemplate\":\"https:\/\/jamonesvelazquez.com\/english\/?s={search_term_string}\"},\"query-input\":{\"@type\":\"PropertyValueSpecification\",\"valueRequired\":true,\"valueName\":\"search_term_string\"}}],\"inLanguage\":\"en-GB\"}]}<\/script>\n<!-- \/ Yoast SEO plugin. -->","yoast_head_json":{"title":"Contacto - Jamones Vel\u00e1zquez english site","robots":{"index":"index","follow":"follow","max-snippet":"max-snippet:-1","max-image-preview":"max-image-preview:large","max-video-preview":"max-video-preview:-1"},"canonical":"https:\/\/jamonesvelazquez.com\/english\/contact\/","og_locale":"en_GB","og_type":"article","og_title":"Contacto - Jamones Vel\u00e1zquez english site","og_description":"JAMONES E. VEL\u00c1ZQUEZ, S.A. Pol. Ind. de MalpicaCalle C, 15-C 50016 Zaragoza (Espa\u00f1a) T.: +34 976 573 267 F.: +34 976 573 111 infojamonesvelazquez.esContact","og_url":"https:\/\/jamonesvelazquez.com\/english\/contact\/","og_site_name":"Jamones Vel\u00e1zquez english site","article_modified_time":"2021-09-08T08:08:55+00:00","og_image":[{"url":"https:\/\/jamonesvelazquez.com\/english\/wp-content\/uploads\/sites\/7\/2021\/01\/arroba-gris.png","type":"","width":"","height":""}],"twitter_card":"summary_large_image","twitter_misc":{"Estimated reading time":"5 minutes"},"schema":{"@context":"https:\/\/schema.org","@graph":[{"@type":"WebPage","@id":"https:\/\/jamonesvelazquez.com\/english\/contact\/","url":"https:\/\/jamonesvelazquez.com\/english\/contact\/","name":"Contacto - Jamones Vel\u00e1zquez english site","isPartOf":{"@id":"https:\/\/jamonesvelazquez.com\/english\/#website"},"primaryImageOfPage":{"@id":"https:\/\/jamonesvelazquez.com\/english\/contact\/#primaryimage"},"image":{"@id":"https:\/\/jamonesvelazquez.com\/english\/contact\/#primaryimage"},"thumbnailUrl":"https:\/\/jamonesvelazquez.com\/english\/wp-content\/uploads\/sites\/7\/2021\/01\/arroba-gris.png","datePublished":"2021-01-28T09:43:32+00:00","dateModified":"2021-09-08T08:08:55+00:00","breadcrumb":{"@id":"https:\/\/jamonesvelazquez.com\/english\/contact\/#breadcrumb"},"inLanguage":"en-GB","potentialAction":[{"@type":"ReadAction","target":["https:\/\/jamonesvelazquez.com\/english\/contact\/"]}]},{"@type":"ImageObject","inLanguage":"en-GB","@id":"https:\/\/jamonesvelazquez.com\/english\/contact\/#primaryimage","url":"https:\/\/jamonesvelazquez.com\/english\/wp-content\/uploads\/sites\/7\/2021\/01\/arroba-gris.png","contentUrl":"https:\/\/jamonesvelazquez.com\/english\/wp-content\/uploads\/sites\/7\/2021\/01\/arroba-gris.png","width":13,"height":13},{"@type":"BreadcrumbList","@id":"https:\/\/jamonesvelazquez.com\/english\/contact\/#breadcrumb","itemListElement":[{"@type":"ListItem","position":1,"name":"Portada","item":"https:\/\/jamonesvelazquez.com\/english\/"},{"@type":"ListItem","position":2,"name":"Contacto"}]},{"@type":"WebSite","@id":"https:\/\/jamonesvelazquez.com\/english\/#website","url":"https:\/\/jamonesvelazquez.com\/english\/","name":"Jamones Vel\u00e1zquez english site","description":"Moderno secadero de jamones. Trazabilidad garantizada, homogeneidad de producto, aroma y sabor \u00fanicos. B\u00fasqueda de la excelencia","potentialAction":[{"@type":"SearchAction","target":{"@type":"EntryPoint","urlTemplate":"https:\/\/jamonesvelazquez.com\/english\/?s={search_term_string}"},"query-input":{"@type":"PropertyValueSpecification","valueRequired":true,"valueName":"search_term_string"}}],"inLanguage":"en-GB"}]}},"_links":{"self":[{"href":"https:\/\/jamonesvelazquez.com\/english\/wp-json\/wp\/v2\/pages\/430","targetHints":{"allow":["GET"]}}],"collection":[{"href":"https:\/\/jamonesvelazquez.com\/english\/wp-json\/wp\/v2\/pages"}],"about":[{"href":"https:\/\/jamonesvelazquez.com\/english\/wp-json\/wp\/v2\/types\/page"}],"author":[{"embeddable":true,"href":"https:\/\/jamonesvelazquez.com\/english\/wp-json\/wp\/v2\/users\/1"}],"replies":[{"embeddable":true,"href":"https:\/\/jamonesvelazquez.com\/english\/wp-json\/wp\/v2\/comments?post=430"}],"version-history":[{"count":30,"href":"https:\/\/jamonesvelazquez.com\/english\/wp-json\/wp\/v2\/pages\/430\/revisions"}],"predecessor-version":[{"id":1623,"href":"https:\/\/jamonesvelazquez.com\/english\/wp-json\/wp\/v2\/pages\/430\/revisions\/1623"}],"wp:attachment":[{"href":"https:\/\/jamonesvelazquez.com\/english\/wp-json\/wp\/v2\/media?parent=430"}],"curies":[{"name":"wp","href":"https:\/\/api.w.org\/{rel}","templated":true}]}}