{"id":418,"date":"2021-01-28T09:34:32","date_gmt":"2021-01-28T09:34:32","guid":{"rendered":"https:\/\/jamonesvelazquez.com\/english\/?page_id=418"},"modified":"2021-02-10T10:08:43","modified_gmt":"2021-02-10T10:08:43","slug":"ham-and-health","status":"publish","type":"page","link":"https:\/\/jamonesvelazquez.com\/english\/ham-and-health\/","title":{"rendered":"Jam\u00f3n y Salud"},"content":{"rendered":"<p>[et_pb_section fb_built=&#8221;1&#8243; admin_label=&#8221;SECCI\u00d3N RELLENO DEBAJO DEL MEN\u00da&#8221; _builder_version=&#8221;4.8.1&#8243; _module_preset=&#8221;default&#8221; custom_margin=&#8221;0px|0px|0px|0px|false|false&#8221; custom_padding=&#8221;0px|0px|0px|0px|false|false&#8221;][et_pb_row _builder_version=&#8221;4.8.1&#8243; _module_preset=&#8221;default&#8221;][et_pb_column type=&#8221;4_4&#8243; _builder_version=&#8221;4.8.1&#8243; _module_preset=&#8221;default&#8221;][et_pb_text _builder_version=&#8221;4.8.1&#8243; _module_preset=&#8221;default&#8221;][\/et_pb_text][\/et_pb_column][\/et_pb_row][\/et_pb_section][et_pb_section fb_built=&#8221;1&#8243; fullwidth=&#8221;on&#8221; admin_label=&#8221;IM\u00c1GENES SEG\u00daN ESTACI\u00d3N DEL A\u00d1O&#8221; _builder_version=&#8221;4.8.1&#8243; _module_preset=&#8221;default&#8221; custom_margin=&#8221;100px||||false|false&#8221; custom_margin_tablet=&#8221;200px||||false|false&#8221; custom_margin_phone=&#8221;100px||||false|false&#8221; custom_margin_last_edited=&#8221;on|phone&#8221;][et_pb_fullwidth_image src=&#8221;https:\/\/jamonesvelazquez.com\/english\/wp-content\/uploads\/sites\/7\/2021\/01\/jamones-velazquez-salud.jpg&#8221; title_text=&#8221;jamones-velazquez-salud&#8221; _builder_version=&#8221;4.8.1&#8243; _module_preset=&#8221;default&#8221;][\/et_pb_fullwidth_image][\/et_pb_section][et_pb_section fb_built=&#8221;1&#8243; _builder_version=&#8221;4.8.1&#8243; _module_preset=&#8221;default&#8221; custom_padding=&#8221;||40px|||&#8221;][et_pb_row _builder_version=&#8221;4.6.6&#8243; _module_preset=&#8221;default&#8221; width=&#8221;60%&#8221;][et_pb_column type=&#8221;4_4&#8243; _builder_version=&#8221;4.6.6&#8243; _module_preset=&#8221;default&#8221;][et_pb_text _builder_version=&#8221;4.8.2&#8243; _module_preset=&#8221;default&#8221; text_text_color=&#8221;#777777&#8243; header_6_font_size=&#8221;25px&#8221; hover_enabled=&#8221;0&#8243; sticky_enabled=&#8221;0&#8243;]<\/p>\n<h6>HAM AND HEALTH<\/h6>\n<p class=\"p1\"><b><\/b><\/p>\n<p class=\"p1\"><b>Serrano ham is a healthy and nutritious food, highly recommended for a healthy balanced diet<\/b>. The ham is <b>a source of protein, contains essential minerals and trace elements (iron, potassium, phosphorous and especially zinc, and B vitamins)<\/b>, has a low fat content, <b>and is low in cholesterol and calories. It is a highly recommended food in the diet of children, teenagers, athletes, pregnant women and the elderly.<\/b><\/p>\n<p class=\"p1\"><b>The current elaboration process is inherited from traditional practices<\/b>, beginning with the slaughtering of the pigs during the last months of the year (the coldest for salting and post salting) <b>according to the natural cycle of the seasons.<\/b><\/p>\n<p class=\"p1\">The first references to the curing of hams in Spain date back to the Roman Empire, in the second century A.D. <b>From then until now the ham is a gastronomic and cultural element essential on our tables<\/b>.<\/p>\n<p class=\"p1\"><b>If you would like to know more &#8230;<\/b><\/p>\n<ul class=\"ul1\">\n<li class=\"li2\"><span class=\"s1\"><\/span><span style=\"text-decoration: underline; color: ##777777;\"><strong><span class=\"s2\"><a href=\"http:\/\/www.fundacionserrano.org\/\" style=\"color: #808080; text-decoration: underline;\"> Serrano Ham Foundation <\/a>\u00a0<\/span><\/strong><\/span><\/li>\n<li class=\"li1\"><span style=\"text-decoration: underline; color: #808080;\"><strong><span><span class=\"s4\"><\/span><a href=\"https:\/\/www.anice.es\/industrias\" style=\"color: #808080; text-decoration: underline;\"> Spanish Meat Industries Association \/ Meat and Health <span class=\"Apple-converted-space\">\u00a0<\/span><\/a><\/span><\/strong><\/span><\/li>\n<li class=\"li2\"><span style=\"text-decoration: underline; color: #808080;\"><strong><span><span class=\"s1\"><\/span><span class=\"s2\"><a href=\"https:\/\/www.aesan.gob.es\/AECOSAN\/web\/nutricion\/seccion\/estrategia_naos.htm\" style=\"color: #808080; text-decoration: underline;\"> NAOS Strategy <\/a>\u00a0<\/span><\/span><\/strong><\/span><\/li>\n<\/ul>\n<p class=\"p1\"><b>Maintaining a healthy lifestyle requires a varied and balanced diet, drinking plenty of water and regular to moderate physical activity. <\/b><\/p>\n<p>[\/et_pb_text][\/et_pb_column][\/et_pb_row][\/et_pb_section]<\/p>\n","protected":false},"excerpt":{"rendered":"<p>HAM AND HEALTH Serrano ham is a healthy and nutritious food, highly recommended for a healthy balanced diet. The ham is a source of protein, contains essential minerals and trace elements (iron, potassium, phosphorous and especially zinc, and B vitamins), has a low fat content, and is low in cholesterol and calories. It is a [&hellip;]<\/p>\n","protected":false},"author":1,"featured_media":0,"parent":0,"menu_order":0,"comment_status":"closed","ping_status":"closed","template":"","meta":{"_et_pb_use_builder":"on","_et_pb_old_content":"","_et_gb_content_width":"","footnotes":""},"class_list":["post-418","page","type-page","status-publish","hentry"],"yoast_head":"<!-- This site is optimized with the Yoast SEO plugin v26.7 - https:\/\/yoast.com\/wordpress\/plugins\/seo\/ -->\n<title>Jam\u00f3n y Salud - Jamones Vel\u00e1zquez english site<\/title>\n<meta name=\"robots\" content=\"index, follow, max-snippet:-1, max-image-preview:large, max-video-preview:-1\" \/>\n<link rel=\"canonical\" href=\"https:\/\/jamonesvelazquez.com\/english\/ham-and-health\/\" \/>\n<meta property=\"og:locale\" content=\"en_GB\" \/>\n<meta property=\"og:type\" content=\"article\" \/>\n<meta property=\"og:title\" content=\"Jam\u00f3n y Salud - Jamones Vel\u00e1zquez english site\" \/>\n<meta property=\"og:description\" content=\"HAM AND HEALTH Serrano ham is a healthy and nutritious food, highly recommended for a healthy balanced diet. The ham is a source of protein, contains essential minerals and trace elements (iron, potassium, phosphorous and especially zinc, and B vitamins), has a low fat content, and is low in cholesterol and calories. It is a [&hellip;]\" \/>\n<meta property=\"og:url\" content=\"https:\/\/jamonesvelazquez.com\/english\/ham-and-health\/\" \/>\n<meta property=\"og:site_name\" content=\"Jamones Vel\u00e1zquez english site\" \/>\n<meta property=\"article:modified_time\" content=\"2021-02-10T10:08:43+00:00\" \/>\n<meta name=\"twitter:card\" content=\"summary_large_image\" \/>\n<meta name=\"twitter:label1\" content=\"Estimated reading time\" \/>\n\t<meta name=\"twitter:data1\" content=\"2 minutes\" \/>\n<script type=\"application\/ld+json\" class=\"yoast-schema-graph\">{\"@context\":\"https:\/\/schema.org\",\"@graph\":[{\"@type\":\"WebPage\",\"@id\":\"https:\/\/jamonesvelazquez.com\/english\/ham-and-health\/\",\"url\":\"https:\/\/jamonesvelazquez.com\/english\/ham-and-health\/\",\"name\":\"Jam\u00f3n y Salud - Jamones Vel\u00e1zquez english site\",\"isPartOf\":{\"@id\":\"https:\/\/jamonesvelazquez.com\/english\/#website\"},\"datePublished\":\"2021-01-28T09:34:32+00:00\",\"dateModified\":\"2021-02-10T10:08:43+00:00\",\"breadcrumb\":{\"@id\":\"https:\/\/jamonesvelazquez.com\/english\/ham-and-health\/#breadcrumb\"},\"inLanguage\":\"en-GB\",\"potentialAction\":[{\"@type\":\"ReadAction\",\"target\":[\"https:\/\/jamonesvelazquez.com\/english\/ham-and-health\/\"]}]},{\"@type\":\"BreadcrumbList\",\"@id\":\"https:\/\/jamonesvelazquez.com\/english\/ham-and-health\/#breadcrumb\",\"itemListElement\":[{\"@type\":\"ListItem\",\"position\":1,\"name\":\"Portada\",\"item\":\"https:\/\/jamonesvelazquez.com\/english\/\"},{\"@type\":\"ListItem\",\"position\":2,\"name\":\"Jam\u00f3n y Salud\"}]},{\"@type\":\"WebSite\",\"@id\":\"https:\/\/jamonesvelazquez.com\/english\/#website\",\"url\":\"https:\/\/jamonesvelazquez.com\/english\/\",\"name\":\"Jamones Vel\u00e1zquez english site\",\"description\":\"Moderno secadero de jamones. Trazabilidad garantizada, homogeneidad de producto, aroma y sabor \u00fanicos. B\u00fasqueda de la excelencia\",\"potentialAction\":[{\"@type\":\"SearchAction\",\"target\":{\"@type\":\"EntryPoint\",\"urlTemplate\":\"https:\/\/jamonesvelazquez.com\/english\/?s={search_term_string}\"},\"query-input\":{\"@type\":\"PropertyValueSpecification\",\"valueRequired\":true,\"valueName\":\"search_term_string\"}}],\"inLanguage\":\"en-GB\"}]}<\/script>\n<!-- \/ Yoast SEO plugin. -->","yoast_head_json":{"title":"Jam\u00f3n y Salud - Jamones Vel\u00e1zquez english site","robots":{"index":"index","follow":"follow","max-snippet":"max-snippet:-1","max-image-preview":"max-image-preview:large","max-video-preview":"max-video-preview:-1"},"canonical":"https:\/\/jamonesvelazquez.com\/english\/ham-and-health\/","og_locale":"en_GB","og_type":"article","og_title":"Jam\u00f3n y Salud - Jamones Vel\u00e1zquez english site","og_description":"HAM AND HEALTH Serrano ham is a healthy and nutritious food, highly recommended for a healthy balanced diet. The ham is a source of protein, contains essential minerals and trace elements (iron, potassium, phosphorous and especially zinc, and B vitamins), has a low fat content, and is low in cholesterol and calories. It is a [&hellip;]","og_url":"https:\/\/jamonesvelazquez.com\/english\/ham-and-health\/","og_site_name":"Jamones Vel\u00e1zquez english site","article_modified_time":"2021-02-10T10:08:43+00:00","twitter_card":"summary_large_image","twitter_misc":{"Estimated reading time":"2 minutes"},"schema":{"@context":"https:\/\/schema.org","@graph":[{"@type":"WebPage","@id":"https:\/\/jamonesvelazquez.com\/english\/ham-and-health\/","url":"https:\/\/jamonesvelazquez.com\/english\/ham-and-health\/","name":"Jam\u00f3n y Salud - Jamones Vel\u00e1zquez english site","isPartOf":{"@id":"https:\/\/jamonesvelazquez.com\/english\/#website"},"datePublished":"2021-01-28T09:34:32+00:00","dateModified":"2021-02-10T10:08:43+00:00","breadcrumb":{"@id":"https:\/\/jamonesvelazquez.com\/english\/ham-and-health\/#breadcrumb"},"inLanguage":"en-GB","potentialAction":[{"@type":"ReadAction","target":["https:\/\/jamonesvelazquez.com\/english\/ham-and-health\/"]}]},{"@type":"BreadcrumbList","@id":"https:\/\/jamonesvelazquez.com\/english\/ham-and-health\/#breadcrumb","itemListElement":[{"@type":"ListItem","position":1,"name":"Portada","item":"https:\/\/jamonesvelazquez.com\/english\/"},{"@type":"ListItem","position":2,"name":"Jam\u00f3n y Salud"}]},{"@type":"WebSite","@id":"https:\/\/jamonesvelazquez.com\/english\/#website","url":"https:\/\/jamonesvelazquez.com\/english\/","name":"Jamones Vel\u00e1zquez english site","description":"Moderno secadero de jamones. Trazabilidad garantizada, homogeneidad de producto, aroma y sabor \u00fanicos. B\u00fasqueda de la excelencia","potentialAction":[{"@type":"SearchAction","target":{"@type":"EntryPoint","urlTemplate":"https:\/\/jamonesvelazquez.com\/english\/?s={search_term_string}"},"query-input":{"@type":"PropertyValueSpecification","valueRequired":true,"valueName":"search_term_string"}}],"inLanguage":"en-GB"}]}},"_links":{"self":[{"href":"https:\/\/jamonesvelazquez.com\/english\/wp-json\/wp\/v2\/pages\/418","targetHints":{"allow":["GET"]}}],"collection":[{"href":"https:\/\/jamonesvelazquez.com\/english\/wp-json\/wp\/v2\/pages"}],"about":[{"href":"https:\/\/jamonesvelazquez.com\/english\/wp-json\/wp\/v2\/types\/page"}],"author":[{"embeddable":true,"href":"https:\/\/jamonesvelazquez.com\/english\/wp-json\/wp\/v2\/users\/1"}],"replies":[{"embeddable":true,"href":"https:\/\/jamonesvelazquez.com\/english\/wp-json\/wp\/v2\/comments?post=418"}],"version-history":[{"count":9,"href":"https:\/\/jamonesvelazquez.com\/english\/wp-json\/wp\/v2\/pages\/418\/revisions"}],"predecessor-version":[{"id":1565,"href":"https:\/\/jamonesvelazquez.com\/english\/wp-json\/wp\/v2\/pages\/418\/revisions\/1565"}],"wp:attachment":[{"href":"https:\/\/jamonesvelazquez.com\/english\/wp-json\/wp\/v2\/media?parent=418"}],"curies":[{"name":"wp","href":"https:\/\/api.w.org\/{rel}","templated":true}]}}